{"id":7598,"date":"2023-06-13T14:15:42","date_gmt":"2023-06-13T14:15:42","guid":{"rendered":"https:\/\/zlatendab.mk\/zlaten-dab-dark\/"},"modified":"2024-11-19T13:05:16","modified_gmt":"2024-11-19T13:05:16","slug":"zlaten-dab-dark","status":"publish","type":"page","link":"https:\/\/zlatendab.mk\/sq\/zlaten-dab-dark\/","title":{"rendered":"ZLATEN DAB DARK"},"content":{"rendered":"\t\t<div data-elementor-type=\"wp-page\" data-elementor-id=\"7598\" class=\"elementor elementor-7598 elementor-6611\">\n\t\t\t\t\t\t\t\t\t<section class=\"qodef-row-frame elementor-section elementor-top-section elementor-element elementor-element-0a3b219 elementor-section-full_width qodef-elementor-content-grid elementor-section-height-default elementor-section-height-default\" data-id=\"0a3b219\" data-element_type=\"section\">\n\t\t\t\t\t\t<div class=\"elementor-container elementor-column-gap-default\">\n\t\t\t\t\t<div class=\"elementor-column elementor-col-50 elementor-top-column elementor-element elementor-element-6adf929\" data-id=\"6adf929\" data-element_type=\"column\" data-settings=\"{&quot;background_background&quot;:&quot;classic&quot;}\">\n\t\t\t<div class=\"elementor-widget-wrap elementor-element-populated\">\n\t\t\t\t\t\t\t\t<div class=\"elementor-element elementor-element-4b1c5ce elementor-widget elementor-widget-image\" data-id=\"4b1c5ce\" data-element_type=\"widget\" data-widget_type=\"image.default\">\n\t\t\t\t<div class=\"elementor-widget-container\">\n\t\t\t<style>\/*! elementor - v3.13.3 - 28-05-2023 *\/\n.elementor-widget-image{text-align:center}.elementor-widget-image a{display:inline-block}.elementor-widget-image a img[src$=\".svg\"]{width:48px}.elementor-widget-image img{vertical-align:middle;display:inline-block}<\/style>\t\t\t\t\t\t\t\t\t\t\t\t<img loading=\"lazy\" decoding=\"async\" width=\"480\" height=\"800\" src=\"https:\/\/zlatendab.mk\/wp-content\/uploads\/2024\/11\/zlatendab-portfolio-dark-new-1.jpg\" class=\"attachment-full size-full wp-image-8089\" alt=\"\" srcset=\"https:\/\/zlatendab.mk\/wp-content\/uploads\/2024\/11\/zlatendab-portfolio-dark-new-1.jpg 480w, https:\/\/zlatendab.mk\/wp-content\/uploads\/2024\/11\/zlatendab-portfolio-dark-new-1-180x300.jpg 180w\" sizes=\"auto, (max-width: 480px) 100vw, 480px\" \/>\t\t\t\t\t\t\t\t\t\t\t\t\t\t\t<\/div>\n\t\t\t\t<\/div>\n\t\t\t\t\t<\/div>\n\t\t<\/div>\n\t\t\t\t<div class=\"elementor-column elementor-col-50 elementor-top-column elementor-element elementor-element-66c14b1\" data-id=\"66c14b1\" data-element_type=\"column\">\n\t\t\t<div class=\"elementor-widget-wrap elementor-element-populated\">\n\t\t\t\t\t\t\t\t<div class=\"elementor-element elementor-element-90b984e elementor-widget elementor-widget-heading\" data-id=\"90b984e\" data-element_type=\"widget\" data-widget_type=\"heading.default\">\n\t\t\t\t<div class=\"elementor-widget-container\">\n\t\t\t<style>\/*! elementor - v3.13.3 - 28-05-2023 *\/\n.elementor-heading-title{padding:0;margin:0;line-height:1}.elementor-widget-heading .elementor-heading-title[class*=elementor-size-]>a{color:inherit;font-size:inherit;line-height:inherit}.elementor-widget-heading .elementor-heading-title.elementor-size-small{font-size:15px}.elementor-widget-heading .elementor-heading-title.elementor-size-medium{font-size:19px}.elementor-widget-heading .elementor-heading-title.elementor-size-large{font-size:29px}.elementor-widget-heading .elementor-heading-title.elementor-size-xl{font-size:39px}.elementor-widget-heading .elementor-heading-title.elementor-size-xxl{font-size:59px}<\/style><h2 class=\"elementor-heading-title elementor-size-default\">ZLATEN DAB DARK, PAMJE E RE, KUALITET TOP<\/h2>\t\t<\/div>\n\t\t\t\t<\/div>\n\t\t\t\t<div class=\"elementor-element elementor-element-2970c36 porfolio-opis-main elementor-widget elementor-widget-text-editor\" data-id=\"2970c36\" data-element_type=\"widget\" data-widget_type=\"text-editor.default\">\n\t\t\t\t<div class=\"elementor-widget-container\">\n\t\t\t<style>\/*! elementor - v3.13.3 - 28-05-2023 *\/\n.elementor-widget-text-editor.elementor-drop-cap-view-stacked .elementor-drop-cap{background-color:#69727d;color:#fff}.elementor-widget-text-editor.elementor-drop-cap-view-framed .elementor-drop-cap{color:#69727d;border:3px solid;background-color:transparent}.elementor-widget-text-editor:not(.elementor-drop-cap-view-default) .elementor-drop-cap{margin-top:8px}.elementor-widget-text-editor:not(.elementor-drop-cap-view-default) .elementor-drop-cap-letter{width:1em;height:1em}.elementor-widget-text-editor .elementor-drop-cap{float:left;text-align:center;line-height:1;font-size:50px}.elementor-widget-text-editor .elementor-drop-cap-letter{display:inline-block}<\/style>\t\t\t\t<p>Nj\u00eb birr\u00eb e v\u00ebrtet\u00eb e zez\u00eb Zlaten Dab Dark \u00ebsht\u00eb krijuar sipas recet\u00ebs t\u00eb mjeshtrave gjerman m\u00eb me p\u00ebrvoj\u00eb. Me nj\u00eb ngjyr\u00eb t\u00eb err\u00ebt, karakteristik\u00eb e birr\u00ebs t\u00eb b\u00ebr\u00eb me nj\u00eb teknik\u00eb t\u00eb ve\u00e7ant\u00eb p\u00ebr birrat e err\u00ebta \u00ebsht\u00eb e destinuar p\u00ebr dashamir\u00ebt e shijes unike, t\u00eb hapur ndaj p\u00ebrvojave t\u00eb reja. Zlaten Dab e zez\u00eb \u00ebsht\u00eb produkt i nj\u00eb partneriteti strategjik t\u00eb Birraris\u00eb s\u00eb Prilepit me Kuhel bauer, nj\u00eb nga birrarit\u00eb m\u00eb t\u00eb vjetra dhe m\u00eb t\u00eb njohura gjermane.<\/p>\t\t\t\t\t\t<\/div>\n\t\t\t\t<\/div>\n\t\t\t\t<section class=\"elementor-section elementor-inner-section elementor-element elementor-element-50d48fa elementor-section-boxed elementor-section-height-default elementor-section-height-default qodef-elementor-content-no\" data-id=\"50d48fa\" data-element_type=\"section\">\n\t\t\t\t\t\t<div class=\"elementor-container elementor-column-gap-default\">\n\t\t\t\t\t<div class=\"elementor-column elementor-col-25 elementor-inner-column elementor-element elementor-element-5b676e1\" data-id=\"5b676e1\" data-element_type=\"column\">\n\t\t\t<div class=\"elementor-widget-wrap elementor-element-populated\">\n\t\t\t\t\t\t\t\t<div class=\"elementor-element elementor-element-ce1b534 elementor-widget elementor-widget-heading\" data-id=\"ce1b534\" data-element_type=\"widget\" data-widget_type=\"heading.default\">\n\t\t\t\t<div class=\"elementor-widget-container\">\n\t\t\t<h2 class=\"elementor-heading-title elementor-size-default\">Karakteristikat e Zlaten Dab<\/h2>\t\t<\/div>\n\t\t\t\t<\/div>\n\t\t\t\t<div class=\"elementor-element elementor-element-9c40f9f elementor-widget elementor-widget-text-editor\" data-id=\"9c40f9f\" data-element_type=\"widget\" data-widget_type=\"text-editor.default\">\n\t\t\t\t<div class=\"elementor-widget-container\">\n\t\t\t\t\t\t\t<ul><li>Shije e sofistikuar<\/li><li>Karakter i fort\u00eb<\/li><li>Cil\u00ebsi e rafinuar<\/li><li>Ngjyr\u00eb kafe e err\u00ebt<\/li><li>Shkum\u00eb e ngurt\u00eb kremoze e but\u00eb<\/li><li>Arom\u00eb t\u00eb kafes\u00eb<\/li><li>P\u00ebrfundim delikat \u00e7okollate<\/li><\/ul>\t\t\t\t\t\t<\/div>\n\t\t\t\t<\/div>\n\t\t\t\t\t<\/div>\n\t\t<\/div>\n\t\t\t\t<div class=\"elementor-column elementor-col-25 elementor-inner-column elementor-element elementor-element-6287b8c\" data-id=\"6287b8c\" data-element_type=\"column\">\n\t\t\t<div class=\"elementor-widget-wrap elementor-element-populated\">\n\t\t\t\t\t\t\t\t<div class=\"elementor-element elementor-element-698c3dc elementor-widget__width-initial elementor-widget-tablet__width-initial round-label-portfolio elementor-widget elementor-widget-singlemalt_core_round_label\" data-id=\"698c3dc\" data-element_type=\"widget\" data-widget_type=\"singlemalt_core_round_label.default\">\n\t\t\t\t<div class=\"elementor-widget-container\">\n\t\t\t<div class=\"qodef-shortcode qodef-m  qodef-round-label\">\n    <div class=\"qodef-round-label-wrapper\">\n        <span class=\"qodef-m-number\" style=\"font-size: 23px;color: #907549;border: 1px solid #B1B1B1\">\n            12.5 %        <\/span>\n        <span class=\"qodef-m-label\" >\n                    <\/span>\n    <\/div>\n<\/div>\t\t<\/div>\n\t\t\t\t<\/div>\n\t\t\t\t<div class=\"elementor-element elementor-element-0c1b98a opis-karakteristiki elementor-widget elementor-widget-text-editor\" data-id=\"0c1b98a\" data-element_type=\"widget\" data-widget_type=\"text-editor.default\">\n\t\t\t\t<div class=\"elementor-widget-container\">\n\t\t\t\t\t\t\t<p>\u00ebmb\u00eblsia e birr\u00ebs \u00a0<\/p>\t\t\t\t\t\t<\/div>\n\t\t\t\t<\/div>\n\t\t\t\t\t<\/div>\n\t\t<\/div>\n\t\t\t\t<div class=\"elementor-column elementor-col-25 elementor-inner-column elementor-element elementor-element-5bd42f4\" data-id=\"5bd42f4\" data-element_type=\"column\">\n\t\t\t<div class=\"elementor-widget-wrap elementor-element-populated\">\n\t\t\t\t\t\t\t\t<div class=\"elementor-element elementor-element-8c9a06c elementor-widget__width-initial elementor-widget-tablet__width-initial round-label-portfolio elementor-widget elementor-widget-singlemalt_core_round_label\" data-id=\"8c9a06c\" data-element_type=\"widget\" data-widget_type=\"singlemalt_core_round_label.default\">\n\t\t\t\t<div class=\"elementor-widget-container\">\n\t\t\t<div class=\"qodef-shortcode qodef-m  qodef-round-label\">\n    <div class=\"qodef-round-label-wrapper\">\n        <span class=\"qodef-m-number\" style=\"font-size: 23px;color: #907549;border: 1px solid #B1B1B1\">\n            5,2 %        <\/span>\n        <span class=\"qodef-m-label\" >\n                    <\/span>\n    <\/div>\n<\/div>\t\t<\/div>\n\t\t\t\t<\/div>\n\t\t\t\t<div class=\"elementor-element elementor-element-d3b8423 opis-karakteristiki elementor-widget elementor-widget-text-editor\" data-id=\"d3b8423\" data-element_type=\"widget\" data-widget_type=\"text-editor.default\">\n\t\t\t\t<div class=\"elementor-widget-container\">\n\t\t\t\t\t\t\t<p>Vol. Alkooli*<\/p>\t\t\t\t\t\t<\/div>\n\t\t\t\t<\/div>\n\t\t\t\t<div class=\"elementor-element elementor-element-794775c opis-volumen elementor-widget elementor-widget-text-editor\" data-id=\"794775c\" data-element_type=\"widget\" data-widget_type=\"text-editor.default\">\n\t\t\t\t<div class=\"elementor-widget-container\">\n\t\t\t\t\t\t\t<p>*+\/- 0,5% vol.<\/p>\t\t\t\t\t\t<\/div>\n\t\t\t\t<\/div>\n\t\t\t\t\t<\/div>\n\t\t<\/div>\n\t\t\t\t<div class=\"elementor-column elementor-col-25 elementor-inner-column elementor-element elementor-element-b3b272e\" data-id=\"b3b272e\" data-element_type=\"column\">\n\t\t\t<div class=\"elementor-widget-wrap elementor-element-populated\">\n\t\t\t\t\t\t\t\t<div class=\"elementor-element elementor-element-1b9eac1 elementor-widget__width-initial elementor-widget-tablet__width-initial round-label-portfolio elementor-widget elementor-widget-singlemalt_core_round_label\" data-id=\"1b9eac1\" data-element_type=\"widget\" data-widget_type=\"singlemalt_core_round_label.default\">\n\t\t\t\t<div class=\"elementor-widget-container\">\n\t\t\t<div class=\"qodef-shortcode qodef-m  qodef-round-label\">\n    <div class=\"qodef-round-label-wrapper\">\n        <span class=\"qodef-m-number\" style=\"font-size: 23px;color: #907549;border: 1px solid #B1B1B1\">\n            100 %        <\/span>\n        <span class=\"qodef-m-label\" >\n                    <\/span>\n    <\/div>\n<\/div>\t\t<\/div>\n\t\t\t\t<\/div>\n\t\t\t\t<div class=\"elementor-element elementor-element-d6a9d8c opis-karakteristiki elementor-widget elementor-widget-text-editor\" data-id=\"d6a9d8c\" data-element_type=\"widget\" data-widget_type=\"text-editor.default\">\n\t\t\t\t<div class=\"elementor-widget-container\">\n\t\t\t\t\t\t\t<p>Vol. Alkooli<\/p>\t\t\t\t\t\t<\/div>\n\t\t\t\t<\/div>\n\t\t\t\t\t<\/div>\n\t\t<\/div>\n\t\t\t\t\t\t\t<\/div>\n\t\t<\/section>\n\t\t\t\t\t<\/div>\n\t\t<\/div>\n\t\t\t\t\t\t\t<\/div>\n\t\t<\/section>\n\t\t\t\t<section class=\"elementor-section elementor-top-section elementor-element elementor-element-1c266ba elementor-section-full_width qodef-elementor-content-grid elementor-section-height-min-height elementor-section-height-default elementor-section-items-middle\" data-id=\"1c266ba\" data-element_type=\"section\" data-settings=\"{&quot;background_background&quot;:&quot;classic&quot;}\">\n\t\t\t\t\t\t<div class=\"elementor-container elementor-column-gap-default\">\n\t\t\t\t\t<div class=\"elementor-column elementor-col-100 elementor-top-column elementor-element elementor-element-0cc05a0\" data-id=\"0cc05a0\" data-element_type=\"column\">\n\t\t\t<div class=\"elementor-widget-wrap elementor-element-populated\">\n\t\t\t\t\t\t\t\t<div class=\"elementor-element elementor-element-e2bb5cd elementor-widget elementor-widget-jkit_video_button\" data-id=\"e2bb5cd\" data-element_type=\"widget\" data-widget_type=\"jkit_video_button.default\">\n\t\t\t\t<div class=\"elementor-widget-container\">\n\t\t\t<div  class=\"jeg-elementor-kit jkit-video-button jeg_module___69d85137a36b4\"  data-autoplay=\"0\" data-loop=\"0\" data-controls=\"1\" data-type=\"youtube\" data-mute=\"0\" data-start=\"0\" data-end=\"0\"><a href=\"https:\/\/www.youtube.com\/watch?v=5CO3SQxegE0\"  class=\"jkit-video-popup-btn glow-enable\"  ><span class=\"icon-position-before\"><i aria-hidden=\"true\" class=\"jki jki-vplay-light\"><\/i><\/span><\/a><\/div>\t\t<\/div>\n\t\t\t\t<\/div>\n\t\t\t\t\t<\/div>\n\t\t<\/div>\n\t\t\t\t\t\t\t<\/div>\n\t\t<\/section>\n\t\t\t\t\t\t\t<\/div>\n\t\t","protected":false},"excerpt":{"rendered":"<p>ZLATEN DAB DARK, PAMJE E RE, KUALITET TOP Nj\u00eb birr\u00eb e v\u00ebrtet\u00eb e zez\u00eb Zlaten Dab Dark \u00ebsht\u00eb krijuar sipas recet\u00ebs t\u00eb mjeshtrave gjerman m\u00eb me p\u00ebrvoj\u00eb. Me nj\u00eb ngjyr\u00eb t\u00eb err\u00ebt, karakteristik\u00eb e birr\u00ebs t\u00eb b\u00ebr\u00eb me nj\u00eb teknik\u00eb t\u00eb ve\u00e7ant\u00eb p\u00ebr birrat e err\u00ebta \u00ebsht\u00eb e destinuar p\u00ebr dashamir\u00ebt e shijes unike, t\u00eb [&hellip;]<\/p>\n","protected":false},"author":1,"featured_media":0,"parent":0,"menu_order":0,"comment_status":"closed","ping_status":"closed","template":"page-full-width.php","meta":{"footnotes":""},"class_list":["post-7598","page","type-page","status-publish","hentry"],"_links":{"self":[{"href":"https:\/\/zlatendab.mk\/sq\/wp-json\/wp\/v2\/pages\/7598","targetHints":{"allow":["GET"]}}],"collection":[{"href":"https:\/\/zlatendab.mk\/sq\/wp-json\/wp\/v2\/pages"}],"about":[{"href":"https:\/\/zlatendab.mk\/sq\/wp-json\/wp\/v2\/types\/page"}],"author":[{"embeddable":true,"href":"https:\/\/zlatendab.mk\/sq\/wp-json\/wp\/v2\/users\/1"}],"replies":[{"embeddable":true,"href":"https:\/\/zlatendab.mk\/sq\/wp-json\/wp\/v2\/comments?post=7598"}],"version-history":[{"count":13,"href":"https:\/\/zlatendab.mk\/sq\/wp-json\/wp\/v2\/pages\/7598\/revisions"}],"predecessor-version":[{"id":8125,"href":"https:\/\/zlatendab.mk\/sq\/wp-json\/wp\/v2\/pages\/7598\/revisions\/8125"}],"wp:attachment":[{"href":"https:\/\/zlatendab.mk\/sq\/wp-json\/wp\/v2\/media?parent=7598"}],"curies":[{"name":"wp","href":"https:\/\/api.w.org\/{rel}","templated":true}]}}